{"id":340,"date":"2022-02-03T14:43:51","date_gmt":"2022-02-03T13:43:51","guid":{"rendered":"https:\/\/hotelduprintemps.fr\/new\/semaines\/"},"modified":"2022-02-10T09:28:32","modified_gmt":"2022-02-10T08:28:32","slug":"seminars","status":"publish","type":"page","link":"https:\/\/www.hotelduprintemps.fr\/en\/seminars\/","title":{"rendered":"S\u00e9minaires"},"content":{"rendered":"\n\t<section class=\"section\" id=\"section_1499661447\">\n\t\t<div class=\"bg section-bg fill bg-fill  bg-loaded\" >\n\n\t\t\t\n\t\t\t\n\t\t\t\n\n\t\t<\/div>\n\n\t\t<div class=\"section-content relative\">\n\t\t\t\n\n<div class=\"slider-wrapper relative\" id=\"slider-322970123\" >\n    <div class=\"slider slider-nav-circle slider-nav-large slider-nav-light slider-style-normal\"\n        data-flickity-options='{\n            \"cellAlign\": \"center\",\n            \"imagesLoaded\": true,\n            \"lazyLoad\": 1,\n            \"freeScroll\": false,\n            \"wrapAround\": true,\n            \"autoPlay\": 6000,\n            \"pauseAutoPlayOnHover\" : true,\n            \"prevNextButtons\": true,\n            \"contain\" : true,\n            \"adaptiveHeight\" : true,\n            \"dragThreshold\" : 10,\n            \"percentPosition\": true,\n            \"pageDots\": true,\n            \"rightToLeft\": false,\n            \"draggable\": true,\n            \"selectedAttraction\": 0.1,\n            \"parallax\" : 0,\n            \"friction\": 0.6        }'\n        >\n        \n\n\n  <div class=\"banner has-hover is-full-height\" id=\"banner-2132616386\">\n          <div class=\"banner-inner fill\">\n        <div class=\"banner-bg fill\" >\n            <div class=\"bg fill bg-fill \"><\/div>\n                                    \n                    <\/div>\n        <div class=\"banner-layers container\">\n            <div class=\"fill banner-link\"><\/div>            \n\n   <div id=\"text-box-601271629\" class=\"text-box banner-layer x50 md-x50 lg-x50 y50 md-y50 lg-y50 res-text\">\n                                <div class=\"text-box-content text dark\">\n              \n              <div class=\"text-inner text-center\">\n                  \n\n\n              <\/div>\n           <\/div>\n                            \n<style>\n#text-box-601271629 {\n  width: 60%;\n}\n#text-box-601271629 .text-box-content {\n  font-size: 100%;\n}\n<\/style>\n    <\/div>\n \n\n        <\/div>\n      <\/div>\n\n            \n<style>\n#banner-2132616386 {\n  padding-top: 100%;\n}\n#banner-2132616386 .bg.bg-loaded {\n  background-image: url(https:\/\/www.hotelduprintemps.fr\/wp-content\/uploads\/2022\/02\/semaines-hotel-du-printemps-paris-2.jpg);\n}\n<\/style>\n  <\/div>\n\n\n\n  <div class=\"banner has-hover is-full-height\" id=\"banner-860666429\">\n          <div class=\"banner-inner fill\">\n        <div class=\"banner-bg fill\" >\n            <div class=\"bg fill bg-fill \"><\/div>\n                                    \n                    <\/div>\n        <div class=\"banner-layers container\">\n            <div class=\"fill banner-link\"><\/div>            \n\n   <div id=\"text-box-1566274262\" class=\"text-box banner-layer x50 md-x50 lg-x50 y50 md-y50 lg-y50 res-text\">\n                                <div class=\"text-box-content text dark\">\n              \n              <div class=\"text-inner text-center\">\n                  \n\n\n              <\/div>\n           <\/div>\n                            \n<style>\n#text-box-1566274262 {\n  width: 60%;\n}\n#text-box-1566274262 .text-box-content {\n  font-size: 100%;\n}\n<\/style>\n    <\/div>\n \n\n        <\/div>\n      <\/div>\n\n            \n<style>\n#banner-860666429 {\n  padding-top: 100%;\n}\n#banner-860666429 .bg.bg-loaded {\n  background-image: url(https:\/\/www.hotelduprintemps.fr\/wp-content\/uploads\/2022\/02\/semaines-hotel-du-printemps-paris-4.jpg);\n}\n<\/style>\n  <\/div>\n\n\n\n  <div class=\"banner has-hover is-full-height\" id=\"banner-1974157011\">\n          <div class=\"banner-inner fill\">\n        <div class=\"banner-bg fill\" >\n            <div class=\"bg fill bg-fill \"><\/div>\n                                    \n                    <\/div>\n        <div class=\"banner-layers container\">\n            <div class=\"fill banner-link\"><\/div>            \n\n   <div id=\"text-box-614386707\" class=\"text-box banner-layer x50 md-x50 lg-x50 y50 md-y50 lg-y50 res-text\">\n                                <div class=\"text-box-content text dark\">\n              \n              <div class=\"text-inner text-center\">\n                  \n\n\n              <\/div>\n           <\/div>\n                            \n<style>\n#text-box-614386707 {\n  width: 60%;\n}\n#text-box-614386707 .text-box-content {\n  font-size: 100%;\n}\n<\/style>\n    <\/div>\n \n\n        <\/div>\n      <\/div>\n\n            \n<style>\n#banner-1974157011 {\n  padding-top: 100%;\n}\n#banner-1974157011 .bg.bg-loaded {\n  background-image: url(https:\/\/www.hotelduprintemps.fr\/wp-content\/uploads\/2022\/02\/semaines-hotel-du-printemps-paris-6.jpg);\n}\n<\/style>\n  <\/div>\n\n\n\n  <div class=\"banner has-hover is-full-height\" id=\"banner-1884823538\">\n          <div class=\"banner-inner fill\">\n        <div class=\"banner-bg fill\" >\n            <div class=\"bg fill bg-fill \"><\/div>\n                                    \n                    <\/div>\n        <div class=\"banner-layers container\">\n            <div class=\"fill banner-link\"><\/div>            \n\n   <div id=\"text-box-1398558793\" class=\"text-box banner-layer x50 md-x50 lg-x50 y50 md-y50 lg-y50 res-text\">\n                                <div class=\"text-box-content text dark\">\n              \n              <div class=\"text-inner text-center\">\n                  \n\n\n              <\/div>\n           <\/div>\n                            \n<style>\n#text-box-1398558793 {\n  width: 60%;\n}\n#text-box-1398558793 .text-box-content {\n  font-size: 100%;\n}\n<\/style>\n    <\/div>\n \n\n        <\/div>\n      <\/div>\n\n            \n<style>\n#banner-1884823538 {\n  padding-top: 100%;\n}\n#banner-1884823538 .bg.bg-loaded {\n  background-image: url(https:\/\/www.hotelduprintemps.fr\/wp-content\/uploads\/2022\/02\/semaines-hotel-du-printemps-paris-3.jpg);\n}\n<\/style>\n  <\/div>\n\n\n\n     <\/div>\n\n     <div class=\"loading-spin dark large centered\"><\/div>\n\n     \t<\/div>\n\n\n\n\t\t<\/div>\n\n\t\t\n<style>\n#section_1499661447 {\n  padding-top: 0px;\n  padding-bottom: 0px;\n}\n<\/style>\n\t<\/section>\n\t\n\t<section class=\"section\" id=\"section_709210908\">\n\t\t<div class=\"bg section-bg fill bg-fill  bg-loaded\" >\n\n\t\t\t\n\t\t\t\n\t\t\t\n\n\t\t<\/div>\n\n\t\t<div class=\"section-content relative\">\n\t\t\t\n\n<div class=\"row\"  id=\"row-115681162\">\n\n\n\t<div id=\"col-234858149\" class=\"col small-12 large-12\"  >\n\t\t\t\t<div class=\"col-inner\"  >\n\t\t\t\n\t\t\t\n\n<h1 class=\"uppercase\" style=\"text-align: center;\">Meeting room &#8211; Seminars<\/h1>\n\n\n\t\t<\/div>\n\t\t\t\t\t<\/div>\n\n\t\n\n<\/div>\n<div class=\"row align-middle\"  id=\"row-1710286965\">\n\n\n\t<div id=\"col-582443091\" class=\"col medium-6 small-12 large-6\"  data-animate=\"fadeInLeft\">\n\t\t\t\t<div class=\"col-inner\"  >\n\t\t\t\n\t\t\t\n\n\t<div class=\"img has-hover x md-x lg-x y md-y lg-y\" id=\"image_1957280338\">\n\t\t\t\t\t\t\t\t<div class=\"img-inner dark\" >\n\t\t\t<img decoding=\"async\" width=\"1020\" height=\"680\" src=\"https:\/\/www.hotelduprintemps.fr\/wp-content\/uploads\/2022\/02\/semaines-hotel-du-printemps-paris-2-1024x683.jpg\" class=\"attachment-large size-large\" alt=\"semainres - salle de r\u00e9union h\u00f4tel du Printemps Paris\" srcset=\"https:\/\/www.hotelduprintemps.fr\/wp-content\/uploads\/2022\/02\/semaines-hotel-du-printemps-paris-2-1024x683.jpg 1024w, https:\/\/www.hotelduprintemps.fr\/wp-content\/uploads\/2022\/02\/semaines-hotel-du-printemps-paris-2-300x200.jpg 300w, https:\/\/www.hotelduprintemps.fr\/wp-content\/uploads\/2022\/02\/semaines-hotel-du-printemps-paris-2-768x512.jpg 768w, https:\/\/www.hotelduprintemps.fr\/wp-content\/uploads\/2022\/02\/semaines-hotel-du-printemps-paris-2.jpg 1500w\" sizes=\"(max-width: 1020px) 100vw, 1020px\" \/>\t\t\t\t\t\t\n\t\t\t\t\t<\/div>\n\t\t\t\t\t\t\t\t\n<style>\n#image_1957280338 {\n  width: 100%;\n}\n<\/style>\n\t<\/div>\n\t\n\n\n\t\t<\/div>\n\t\t\t\t\t<\/div>\n\n\t\n\n\t<div id=\"col-2124422108\" class=\"col medium-6 small-12 large-6\"  data-animate=\"fadeInRight\">\n\t\t\t\t<div class=\"col-inner\"  >\n\t\t\t\n\t\t\t\n\n<h2 class=\"thin-font\" style=\"text-align: center; font-size: 18px;\">1 meeting room for 30 people: 300 Euros per day<\/h2>\n<p>The Hotel du Printemps offers for your seminars, a meeting room that can accommodate up to 30 people.<\/p>\n\n\n\t\t<\/div>\n\t\t\t\t\t<\/div>\n\n\t\n\n<\/div>\n\n\t\t<\/div>\n\n\t\t\n<style>\n#section_709210908 {\n  padding-top: 30px;\n  padding-bottom: 30px;\n}\n<\/style>\n\t<\/section>\n\t\n\t<section class=\"section\" id=\"section_24742657\">\n\t\t<div class=\"bg section-bg fill bg-fill  bg-loaded\" >\n\n\t\t\t\n\t\t\t\n\t\t\t\n\n\t\t<\/div>\n\n\t\t<div class=\"section-content relative\">\n\t\t\t\n\n\n\n<iframe loading=\"lazy\" width=\"100%\" height=\"300\" frameborder=\"0\" scrolling=\"no\" marginheight=\"0\" marginwidth=\"0\" src=\"https:\/\/maps.google.fr\/maps?f=q&amp;source=s_q&amp;hl=fr&amp;q=1+Rue+de+l'Isly,+75009+Paris,+%C3%8Ele-de-France&amp;aq=&amp;sll=48.447424,1.375118&amp;sspn=1.621441,3.56781&amp;ie=UTF8&amp;geocode=FUjF6QId5oAjAA&amp;split=0&amp;hq=&amp;hnear=1+Rue+de+l'Isly,+75009+Paris,+%C3%8Ele-de-France&amp;t=m&amp;ll=48.874538,2.32584&amp;spn=0.019758,0.036478&amp;z=14&amp;output=embed\"><\/iframe>\n\n\n\t\t<\/div>\n\n\t\t\n<style>\n#section_24742657 {\n  padding-top: 0px;\n  padding-bottom: 0px;\n  min-height: 300px;\n}\n<\/style>\n\t<\/section>\n\t\n\n","protected":false},"excerpt":{"rendered":"","protected":false},"author":1,"featured_media":0,"parent":0,"menu_order":0,"comment_status":"closed","ping_status":"closed","template":"page-transparent-header.php","meta":{"footnotes":""},"class_list":["post-340","page","type-page","status-publish","hentry"],"yoast_head":"<!-- This site is optimized with the Yoast SEO plugin v19.9 - https:\/\/yoast.com\/wordpress\/plugins\/seo\/ -->\n<title>Meeting rooms - Seminars - Hotel du Printemps Paris Opera<\/title>\n<meta name=\"description\" content=\"The Meeting and Seminar Rooms of the Hotel du Printemps Paris *** - Opera Saint Lazare\" \/>\n<meta name=\"robots\" content=\"index, follow, max-snippet:-1, max-image-preview:large, max-video-preview:-1\" \/>\n<link rel=\"canonical\" href=\"https:\/\/www.hotelduprintemps.fr\/en\/seminars\/\" \/>\n<meta property=\"og:locale\" content=\"en_US\" \/>\n<meta property=\"og:type\" content=\"article\" \/>\n<meta property=\"og:title\" content=\"Meeting rooms - Seminars - Hotel du Printemps Paris Opera\" \/>\n<meta property=\"og:description\" content=\"The Meeting and Seminar Rooms of the Hotel du Printemps Paris *** - Opera Saint Lazare\" \/>\n<meta property=\"og:url\" content=\"https:\/\/www.hotelduprintemps.fr\/en\/seminars\/\" \/>\n<meta property=\"og:site_name\" content=\"H\u00f4tel du Printemps\" \/>\n<meta property=\"article:modified_time\" content=\"2022-02-10T08:28:32+00:00\" \/>\n<meta name=\"twitter:card\" content=\"summary_large_image\" \/>\n<meta name=\"twitter:label1\" content=\"Est. reading time\" \/>\n\t<meta name=\"twitter:data1\" content=\"1 minute\" \/>\n<script type=\"application\/ld+json\" class=\"yoast-schema-graph\">{\"@context\":\"https:\/\/schema.org\",\"@graph\":[{\"@type\":\"WebPage\",\"@id\":\"https:\/\/www.hotelduprintemps.fr\/en\/seminars\/\",\"url\":\"https:\/\/www.hotelduprintemps.fr\/en\/seminars\/\",\"name\":\"Meeting rooms - Seminars - Hotel du Printemps Paris Opera\",\"isPartOf\":{\"@id\":\"https:\/\/www.hotelduprintemps.fr\/#website\"},\"datePublished\":\"2022-02-03T13:43:51+00:00\",\"dateModified\":\"2022-02-10T08:28:32+00:00\",\"description\":\"The Meeting and Seminar Rooms of the Hotel du Printemps Paris *** - Opera Saint Lazare\",\"breadcrumb\":{\"@id\":\"https:\/\/www.hotelduprintemps.fr\/en\/seminars\/#breadcrumb\"},\"inLanguage\":\"en-US\",\"potentialAction\":[{\"@type\":\"ReadAction\",\"target\":[\"https:\/\/www.hotelduprintemps.fr\/en\/seminars\/\"]}]},{\"@type\":\"BreadcrumbList\",\"@id\":\"https:\/\/www.hotelduprintemps.fr\/en\/seminars\/#breadcrumb\",\"itemListElement\":[{\"@type\":\"ListItem\",\"position\":1,\"name\":\"Accueil\",\"item\":\"https:\/\/www.hotelduprintemps.fr\/en\/\"},{\"@type\":\"ListItem\",\"position\":2,\"name\":\"S\u00e9minaires\"}]},{\"@type\":\"WebSite\",\"@id\":\"https:\/\/www.hotelduprintemps.fr\/#website\",\"url\":\"https:\/\/www.hotelduprintemps.fr\/\",\"name\":\"H\u00f4tel du Printemps\",\"description\":\"H\u00f4tel 3 \u00e9toiles de charme au coeur de Paris\",\"potentialAction\":[{\"@type\":\"SearchAction\",\"target\":{\"@type\":\"EntryPoint\",\"urlTemplate\":\"https:\/\/www.hotelduprintemps.fr\/?s={search_term_string}\"},\"query-input\":\"required name=search_term_string\"}],\"inLanguage\":\"en-US\"}]}<\/script>\n<!-- \/ Yoast SEO plugin. -->","yoast_head_json":{"title":"Meeting rooms - Seminars - Hotel du Printemps Paris Opera","description":"The Meeting and Seminar Rooms of the Hotel du Printemps Paris *** - Opera Saint Lazare","robots":{"index":"index","follow":"follow","max-snippet":"max-snippet:-1","max-image-preview":"max-image-preview:large","max-video-preview":"max-video-preview:-1"},"canonical":"https:\/\/www.hotelduprintemps.fr\/en\/seminars\/","og_locale":"en_US","og_type":"article","og_title":"Meeting rooms - Seminars - Hotel du Printemps Paris Opera","og_description":"The Meeting and Seminar Rooms of the Hotel du Printemps Paris *** - Opera Saint Lazare","og_url":"https:\/\/www.hotelduprintemps.fr\/en\/seminars\/","og_site_name":"H\u00f4tel du Printemps","article_modified_time":"2022-02-10T08:28:32+00:00","twitter_card":"summary_large_image","twitter_misc":{"Est. reading time":"1 minute"},"schema":{"@context":"https:\/\/schema.org","@graph":[{"@type":"WebPage","@id":"https:\/\/www.hotelduprintemps.fr\/en\/seminars\/","url":"https:\/\/www.hotelduprintemps.fr\/en\/seminars\/","name":"Meeting rooms - Seminars - Hotel du Printemps Paris Opera","isPartOf":{"@id":"https:\/\/www.hotelduprintemps.fr\/#website"},"datePublished":"2022-02-03T13:43:51+00:00","dateModified":"2022-02-10T08:28:32+00:00","description":"The Meeting and Seminar Rooms of the Hotel du Printemps Paris *** - Opera Saint Lazare","breadcrumb":{"@id":"https:\/\/www.hotelduprintemps.fr\/en\/seminars\/#breadcrumb"},"inLanguage":"en-US","potentialAction":[{"@type":"ReadAction","target":["https:\/\/www.hotelduprintemps.fr\/en\/seminars\/"]}]},{"@type":"BreadcrumbList","@id":"https:\/\/www.hotelduprintemps.fr\/en\/seminars\/#breadcrumb","itemListElement":[{"@type":"ListItem","position":1,"name":"Accueil","item":"https:\/\/www.hotelduprintemps.fr\/en\/"},{"@type":"ListItem","position":2,"name":"S\u00e9minaires"}]},{"@type":"WebSite","@id":"https:\/\/www.hotelduprintemps.fr\/#website","url":"https:\/\/www.hotelduprintemps.fr\/","name":"H\u00f4tel du Printemps","description":"H\u00f4tel 3 \u00e9toiles de charme au coeur de Paris","potentialAction":[{"@type":"SearchAction","target":{"@type":"EntryPoint","urlTemplate":"https:\/\/www.hotelduprintemps.fr\/?s={search_term_string}"},"query-input":"required name=search_term_string"}],"inLanguage":"en-US"}]}},"_links":{"self":[{"href":"https:\/\/www.hotelduprintemps.fr\/en\/wp-json\/wp\/v2\/pages\/340","targetHints":{"allow":["GET"]}}],"collection":[{"href":"https:\/\/www.hotelduprintemps.fr\/en\/wp-json\/wp\/v2\/pages"}],"about":[{"href":"https:\/\/www.hotelduprintemps.fr\/en\/wp-json\/wp\/v2\/types\/page"}],"author":[{"embeddable":true,"href":"https:\/\/www.hotelduprintemps.fr\/en\/wp-json\/wp\/v2\/users\/1"}],"replies":[{"embeddable":true,"href":"https:\/\/www.hotelduprintemps.fr\/en\/wp-json\/wp\/v2\/comments?post=340"}],"version-history":[{"count":2,"href":"https:\/\/www.hotelduprintemps.fr\/en\/wp-json\/wp\/v2\/pages\/340\/revisions"}],"predecessor-version":[{"id":357,"href":"https:\/\/www.hotelduprintemps.fr\/en\/wp-json\/wp\/v2\/pages\/340\/revisions\/357"}],"wp:attachment":[{"href":"https:\/\/www.hotelduprintemps.fr\/en\/wp-json\/wp\/v2\/media?parent=340"}],"curies":[{"name":"wp","href":"https:\/\/api.w.org\/{rel}","templated":true}]}}