{"id":336,"date":"2022-02-03T12:14:05","date_gmt":"2022-02-03T11:14:05","guid":{"rendered":"https:\/\/hotelduprintemps.fr\/new\/chambres-standard\/"},"modified":"2022-03-17T10:27:54","modified_gmt":"2022-03-17T09:27:54","slug":"standard-rooms","status":"publish","type":"page","link":"https:\/\/www.hotelduprintemps.fr\/en\/standard-rooms\/","title":{"rendered":"chambre standard"},"content":{"rendered":"\n\t<section class=\"section\" id=\"section_1842430898\">\n\t\t<div class=\"bg section-bg fill bg-fill  bg-loaded\" >\n\n\t\t\t\n\t\t\t\n\t\t\t\n\n\t\t<\/div>\n\n\t\t<div class=\"section-content relative\">\n\t\t\t\n\n<div class=\"slider-wrapper relative\" id=\"slider-2003990403\" >\n    <div class=\"slider slider-nav-circle slider-nav-large slider-nav-light slider-style-normal\"\n        data-flickity-options='{\n            \"cellAlign\": \"center\",\n            \"imagesLoaded\": true,\n            \"lazyLoad\": 1,\n            \"freeScroll\": false,\n            \"wrapAround\": true,\n            \"autoPlay\": 6000,\n            \"pauseAutoPlayOnHover\" : true,\n            \"prevNextButtons\": true,\n            \"contain\" : true,\n            \"adaptiveHeight\" : true,\n            \"dragThreshold\" : 10,\n            \"percentPosition\": true,\n            \"pageDots\": true,\n            \"rightToLeft\": false,\n            \"draggable\": true,\n            \"selectedAttraction\": 0.1,\n            \"parallax\" : 0,\n            \"friction\": 0.6        }'\n        >\n        \n\n\n  <div class=\"banner has-hover is-full-height\" id=\"banner-1537216289\">\n          <div class=\"banner-inner fill\">\n        <div class=\"banner-bg fill\" >\n            <div class=\"bg fill bg-fill \"><\/div>\n                                    \n                    <\/div>\n        <div class=\"banner-layers container\">\n            <div class=\"fill banner-link\"><\/div>            \n\n   <div id=\"text-box-1354604270\" class=\"text-box banner-layer x50 md-x50 lg-x50 y50 md-y50 lg-y50 res-text\">\n                                <div class=\"text-box-content text dark\">\n              \n              <div class=\"text-inner text-center\">\n                  \n\n\n              <\/div>\n           <\/div>\n                            \n<style>\n#text-box-1354604270 {\n  width: 60%;\n}\n#text-box-1354604270 .text-box-content {\n  font-size: 100%;\n}\n<\/style>\n    <\/div>\n \n\n        <\/div>\n      <\/div>\n\n            \n<style>\n#banner-1537216289 {\n  padding-top: 100%;\n}\n#banner-1537216289 .bg.bg-loaded {\n  background-image: url(https:\/\/www.hotelduprintemps.fr\/wp-content\/uploads\/2021\/12\/chambre-standard-hotel-du-printemps-paris.jpg);\n}\n<\/style>\n  <\/div>\n\n\n\n  <div class=\"banner has-hover is-full-height\" id=\"banner-1817136488\">\n          <div class=\"banner-inner fill\">\n        <div class=\"banner-bg fill\" >\n            <div class=\"bg fill bg-fill \"><\/div>\n                                    \n                    <\/div>\n        <div class=\"banner-layers container\">\n            <div class=\"fill banner-link\"><\/div>            \n\n   <div id=\"text-box-479947335\" class=\"text-box banner-layer x50 md-x50 lg-x50 y50 md-y50 lg-y50 res-text\">\n                                <div class=\"text-box-content text dark\">\n              \n              <div class=\"text-inner text-center\">\n                  \n\n\n              <\/div>\n           <\/div>\n                            \n<style>\n#text-box-479947335 {\n  width: 60%;\n}\n#text-box-479947335 .text-box-content {\n  font-size: 100%;\n}\n<\/style>\n    <\/div>\n \n\n        <\/div>\n      <\/div>\n\n            \n<style>\n#banner-1817136488 {\n  padding-top: 100%;\n}\n#banner-1817136488 .bg.bg-loaded {\n  background-image: url(https:\/\/www.hotelduprintemps.fr\/wp-content\/uploads\/2021\/12\/chambre-standard-hotel-du-printemps-paris-2.jpg);\n}\n<\/style>\n  <\/div>\n\n\n\n  <div class=\"banner has-hover is-full-height\" id=\"banner-1988649489\">\n          <div class=\"banner-inner fill\">\n        <div class=\"banner-bg fill\" >\n            <div class=\"bg fill bg-fill \"><\/div>\n                                    \n                    <\/div>\n        <div class=\"banner-layers container\">\n            <div class=\"fill banner-link\"><\/div>            \n\n   <div id=\"text-box-1960466493\" class=\"text-box banner-layer x50 md-x50 lg-x50 y50 md-y50 lg-y50 res-text\">\n                                <div class=\"text-box-content text dark\">\n              \n              <div class=\"text-inner text-center\">\n                  \n\n\n              <\/div>\n           <\/div>\n                            \n<style>\n#text-box-1960466493 {\n  width: 60%;\n}\n#text-box-1960466493 .text-box-content {\n  font-size: 100%;\n}\n<\/style>\n    <\/div>\n \n\n        <\/div>\n      <\/div>\n\n            \n<style>\n#banner-1988649489 {\n  padding-top: 100%;\n}\n#banner-1988649489 .bg.bg-loaded {\n  background-image: url(https:\/\/www.hotelduprintemps.fr\/wp-content\/uploads\/2022\/02\/Salle-de-bain-chambre-22-standard.jpg);\n}\n<\/style>\n  <\/div>\n\n\n\n     <\/div>\n\n     <div class=\"loading-spin dark large centered\"><\/div>\n\n     \t<\/div>\n\n\n\n\t\t<\/div>\n\n\t\t\n<style>\n#section_1842430898 {\n  padding-top: 0px;\n  padding-bottom: 0px;\n}\n<\/style>\n\t<\/section>\n\t\n\t<section class=\"section\" id=\"section_1717043389\">\n\t\t<div class=\"bg section-bg fill bg-fill  bg-loaded\" >\n\n\t\t\t\n\t\t\t\n\t\t\t\n\n\t\t<\/div>\n\n\t\t<div class=\"section-content relative\">\n\t\t\t\n\n<div class=\"row\"  id=\"row-1791713730\">\n\n\n\t<div id=\"col-1419504659\" class=\"col small-12 large-12\"  >\n\t\t\t\t<div class=\"col-inner\"  >\n\t\t\t\n\t\t\t\n\n<h1 class=\"uppercase\" style=\"text-align: center;\">Standard rooms<\/h1>\n<h2 class=\"thin-font\" style=\"text-align: center; font-size:20px\">\nRooms from 19m2 to 24.5m2<\/h2>\n\n\t\t<\/div>\n\t\t\t\t\t<\/div>\n\n\t\n\n<\/div>\n<div class=\"row\"  id=\"row-1541866184\">\n\n\n\t<div id=\"col-1084071208\" class=\"col small-12 large-12\"  data-animate=\"fadeInRight\">\n\t\t\t\t<div class=\"col-inner\"  >\n\t\t\t\n\t\t\t\n\n<p style=\"text-align: center;\">\nRooms for 2 people with bath.<\/p>\n<a rel=\"noopener noreferrer\" href=\"https:\/\/www.secure-hotel-booking.com\/smart\/Hotel-du-Printemps\/JI69\/en\/\" target=\"_blank\" class=\"button secondary expand hide-for-medium\"  >\n    <span>Book your room<\/span>\n  <\/a>\n\n\n<a rel=\"noopener noreferrer\" href=\"https:\/\/www.secure-hotel-booking.com\/touch\/Hotel-du-Printemps\/JI69\/en\/\" target=\"_blank\" class=\"button secondary expand show-for-medium\"  >\n    <span>Book your room<\/span>\n  <\/a>\n\n\n\n\t\t<\/div>\n\t\t\t\t\t<\/div>\n\n\t\n\n<\/div>\n<div class=\"row row-collapse align-center\"  id=\"row-1650035628\">\n\n\n\t<div id=\"col-411618459\" class=\"col medium-5 small-12 large-5\"  >\n\t\t\t\t<div class=\"col-inner\"  >\n\t\t\t\n\t\t\t\n\n<ul style=\"list-style:none;\">\n<li><i class=\"fa fa-check\" style=\"color:#b89f80\"><\/i> Free WIFI<\/li>\n<li><i class=\"fa fa-check\" style=\"color:#b89f80\"><\/i> Individual air conditioning<\/li>\n<li><i class=\"fa fa-check\" style=\"color:#b89f80\"><\/i> Soundproofing double glazing<\/li>\n<\/ul>\n\n\t\t<\/div>\n\t\t\t\t\t<\/div>\n\n\t\n\n\t<div id=\"col-208410077\" class=\"col medium-5 small-12 large-5\"  >\n\t\t\t\t<div class=\"col-inner\"  >\n\t\t\t\n\t\t\t\n\n<ul style=\"list-style:none;\">\n<li><i class=\"fa fa-check\" style=\"color:#b89f80\"><\/i>Flat screen TV<\/li>\n<li><i class=\"fa fa-check\" style=\"color:#b89f80\"><\/i> Hair dryer<\/li>\n<li><i class=\"fa fa-check\" style=\"color:#b89f80\"><\/i> Yves Rocher welcome products<\/li>\n<\/ul>\n\n\t\t<\/div>\n\t\t\t\t\t<\/div>\n\n\t\n\n<\/div>\n\n\t\t<\/div>\n\n\t\t\n<style>\n#section_1717043389 {\n  padding-top: 30px;\n  padding-bottom: 30px;\n}\n<\/style>\n\t<\/section>\n\t\n\n","protected":false},"excerpt":{"rendered":"","protected":false},"author":1,"featured_media":0,"parent":0,"menu_order":0,"comment_status":"closed","ping_status":"closed","template":"page-transparent-header.php","meta":{"footnotes":""},"class_list":["post-336","page","type-page","status-publish","hentry"],"yoast_head":"<!-- This site is optimized with the Yoast SEO plugin v19.9 - https:\/\/yoast.com\/wordpress\/plugins\/seo\/ -->\n<title>STANDARD ROOMS - Hotel Printemps Paris<\/title>\n<meta name=\"description\" content=\"The standard rooms of the Hotel du Printemps Paris *** - Opera Saint Lazare\" \/>\n<meta name=\"robots\" content=\"index, follow, max-snippet:-1, max-image-preview:large, max-video-preview:-1\" \/>\n<link rel=\"canonical\" href=\"https:\/\/www.hotelduprintemps.fr\/en\/standard-rooms\/\" \/>\n<meta property=\"og:locale\" content=\"en_US\" \/>\n<meta property=\"og:type\" content=\"article\" \/>\n<meta property=\"og:title\" content=\"STANDARD ROOMS - Hotel Printemps Paris\" \/>\n<meta property=\"og:description\" content=\"The standard rooms of the Hotel du Printemps Paris *** - Opera Saint Lazare\" \/>\n<meta property=\"og:url\" content=\"https:\/\/www.hotelduprintemps.fr\/en\/standard-rooms\/\" \/>\n<meta property=\"og:site_name\" content=\"H\u00f4tel du Printemps\" \/>\n<meta property=\"article:modified_time\" content=\"2022-03-17T09:27:54+00:00\" \/>\n<meta name=\"twitter:card\" content=\"summary_large_image\" \/>\n<meta name=\"twitter:label1\" content=\"Est. reading time\" \/>\n\t<meta name=\"twitter:data1\" content=\"1 minute\" \/>\n<script type=\"application\/ld+json\" class=\"yoast-schema-graph\">{\"@context\":\"https:\/\/schema.org\",\"@graph\":[{\"@type\":\"WebPage\",\"@id\":\"https:\/\/www.hotelduprintemps.fr\/en\/standard-rooms\/\",\"url\":\"https:\/\/www.hotelduprintemps.fr\/en\/standard-rooms\/\",\"name\":\"STANDARD ROOMS - Hotel Printemps Paris\",\"isPartOf\":{\"@id\":\"https:\/\/www.hotelduprintemps.fr\/#website\"},\"datePublished\":\"2022-02-03T11:14:05+00:00\",\"dateModified\":\"2022-03-17T09:27:54+00:00\",\"description\":\"The standard rooms of the Hotel du Printemps Paris *** - Opera Saint Lazare\",\"breadcrumb\":{\"@id\":\"https:\/\/www.hotelduprintemps.fr\/en\/standard-rooms\/#breadcrumb\"},\"inLanguage\":\"en-US\",\"potentialAction\":[{\"@type\":\"ReadAction\",\"target\":[\"https:\/\/www.hotelduprintemps.fr\/en\/standard-rooms\/\"]}]},{\"@type\":\"BreadcrumbList\",\"@id\":\"https:\/\/www.hotelduprintemps.fr\/en\/standard-rooms\/#breadcrumb\",\"itemListElement\":[{\"@type\":\"ListItem\",\"position\":1,\"name\":\"Accueil\",\"item\":\"https:\/\/www.hotelduprintemps.fr\/en\/\"},{\"@type\":\"ListItem\",\"position\":2,\"name\":\"chambre standard\"}]},{\"@type\":\"WebSite\",\"@id\":\"https:\/\/www.hotelduprintemps.fr\/#website\",\"url\":\"https:\/\/www.hotelduprintemps.fr\/\",\"name\":\"H\u00f4tel du Printemps\",\"description\":\"H\u00f4tel 3 \u00e9toiles de charme au coeur de Paris\",\"potentialAction\":[{\"@type\":\"SearchAction\",\"target\":{\"@type\":\"EntryPoint\",\"urlTemplate\":\"https:\/\/www.hotelduprintemps.fr\/?s={search_term_string}\"},\"query-input\":\"required name=search_term_string\"}],\"inLanguage\":\"en-US\"}]}<\/script>\n<!-- \/ Yoast SEO plugin. -->","yoast_head_json":{"title":"STANDARD ROOMS - Hotel Printemps Paris","description":"The standard rooms of the Hotel du Printemps Paris *** - Opera Saint Lazare","robots":{"index":"index","follow":"follow","max-snippet":"max-snippet:-1","max-image-preview":"max-image-preview:large","max-video-preview":"max-video-preview:-1"},"canonical":"https:\/\/www.hotelduprintemps.fr\/en\/standard-rooms\/","og_locale":"en_US","og_type":"article","og_title":"STANDARD ROOMS - Hotel Printemps Paris","og_description":"The standard rooms of the Hotel du Printemps Paris *** - Opera Saint Lazare","og_url":"https:\/\/www.hotelduprintemps.fr\/en\/standard-rooms\/","og_site_name":"H\u00f4tel du Printemps","article_modified_time":"2022-03-17T09:27:54+00:00","twitter_card":"summary_large_image","twitter_misc":{"Est. reading time":"1 minute"},"schema":{"@context":"https:\/\/schema.org","@graph":[{"@type":"WebPage","@id":"https:\/\/www.hotelduprintemps.fr\/en\/standard-rooms\/","url":"https:\/\/www.hotelduprintemps.fr\/en\/standard-rooms\/","name":"STANDARD ROOMS - Hotel Printemps Paris","isPartOf":{"@id":"https:\/\/www.hotelduprintemps.fr\/#website"},"datePublished":"2022-02-03T11:14:05+00:00","dateModified":"2022-03-17T09:27:54+00:00","description":"The standard rooms of the Hotel du Printemps Paris *** - Opera Saint Lazare","breadcrumb":{"@id":"https:\/\/www.hotelduprintemps.fr\/en\/standard-rooms\/#breadcrumb"},"inLanguage":"en-US","potentialAction":[{"@type":"ReadAction","target":["https:\/\/www.hotelduprintemps.fr\/en\/standard-rooms\/"]}]},{"@type":"BreadcrumbList","@id":"https:\/\/www.hotelduprintemps.fr\/en\/standard-rooms\/#breadcrumb","itemListElement":[{"@type":"ListItem","position":1,"name":"Accueil","item":"https:\/\/www.hotelduprintemps.fr\/en\/"},{"@type":"ListItem","position":2,"name":"chambre standard"}]},{"@type":"WebSite","@id":"https:\/\/www.hotelduprintemps.fr\/#website","url":"https:\/\/www.hotelduprintemps.fr\/","name":"H\u00f4tel du Printemps","description":"H\u00f4tel 3 \u00e9toiles de charme au coeur de Paris","potentialAction":[{"@type":"SearchAction","target":{"@type":"EntryPoint","urlTemplate":"https:\/\/www.hotelduprintemps.fr\/?s={search_term_string}"},"query-input":"required name=search_term_string"}],"inLanguage":"en-US"}]}},"_links":{"self":[{"href":"https:\/\/www.hotelduprintemps.fr\/en\/wp-json\/wp\/v2\/pages\/336","targetHints":{"allow":["GET"]}}],"collection":[{"href":"https:\/\/www.hotelduprintemps.fr\/en\/wp-json\/wp\/v2\/pages"}],"about":[{"href":"https:\/\/www.hotelduprintemps.fr\/en\/wp-json\/wp\/v2\/types\/page"}],"author":[{"embeddable":true,"href":"https:\/\/www.hotelduprintemps.fr\/en\/wp-json\/wp\/v2\/users\/1"}],"replies":[{"embeddable":true,"href":"https:\/\/www.hotelduprintemps.fr\/en\/wp-json\/wp\/v2\/comments?post=336"}],"version-history":[{"count":4,"href":"https:\/\/www.hotelduprintemps.fr\/en\/wp-json\/wp\/v2\/pages\/336\/revisions"}],"predecessor-version":[{"id":454,"href":"https:\/\/www.hotelduprintemps.fr\/en\/wp-json\/wp\/v2\/pages\/336\/revisions\/454"}],"wp:attachment":[{"href":"https:\/\/www.hotelduprintemps.fr\/en\/wp-json\/wp\/v2\/media?parent=336"}],"curies":[{"name":"wp","href":"https:\/\/api.w.org\/{rel}","templated":true}]}}