{"id":335,"date":"2022-02-03T14:17:37","date_gmt":"2022-02-03T13:17:37","guid":{"rendered":"https:\/\/hotelduprintemps.fr\/new\/chambres-simple\/"},"modified":"2022-03-17T10:27:17","modified_gmt":"2022-03-17T09:27:17","slug":"single-rooms","status":"publish","type":"page","link":"https:\/\/www.hotelduprintemps.fr\/en\/single-rooms\/","title":{"rendered":"chambre simple"},"content":{"rendered":"\n\t<section class=\"section\" id=\"section_1564505328\">\n\t\t<div class=\"bg section-bg fill bg-fill  bg-loaded\" >\n\n\t\t\t\n\t\t\t\n\t\t\t\n\n\t\t<\/div>\n\n\t\t<div class=\"section-content relative\">\n\t\t\t\n\n<div class=\"slider-wrapper relative\" id=\"slider-1439398379\" >\n    <div class=\"slider slider-nav-circle slider-nav-large slider-nav-light slider-style-normal\"\n        data-flickity-options='{\n            \"cellAlign\": \"center\",\n            \"imagesLoaded\": true,\n            \"lazyLoad\": 1,\n            \"freeScroll\": false,\n            \"wrapAround\": true,\n            \"autoPlay\": 6000,\n            \"pauseAutoPlayOnHover\" : true,\n            \"prevNextButtons\": true,\n            \"contain\" : true,\n            \"adaptiveHeight\" : true,\n            \"dragThreshold\" : 10,\n            \"percentPosition\": true,\n            \"pageDots\": true,\n            \"rightToLeft\": false,\n            \"draggable\": true,\n            \"selectedAttraction\": 0.1,\n            \"parallax\" : 0,\n            \"friction\": 0.6        }'\n        >\n        \n\n\n  <div class=\"banner has-hover is-full-height\" id=\"banner-1108272936\">\n          <div class=\"banner-inner fill\">\n        <div class=\"banner-bg fill\" >\n            <div class=\"bg fill bg-fill \"><\/div>\n                                    \n                    <\/div>\n        <div class=\"banner-layers container\">\n            <div class=\"fill banner-link\"><\/div>            \n\n   <div id=\"text-box-1095321661\" class=\"text-box banner-layer x50 md-x50 lg-x50 y50 md-y50 lg-y50 res-text\">\n                                <div class=\"text-box-content text dark\">\n              \n              <div class=\"text-inner text-center\">\n                  \n\n\n              <\/div>\n           <\/div>\n                            \n<style>\n#text-box-1095321661 {\n  width: 60%;\n}\n#text-box-1095321661 .text-box-content {\n  font-size: 100%;\n}\n<\/style>\n    <\/div>\n \n\n        <\/div>\n      <\/div>\n\n            \n<style>\n#banner-1108272936 {\n  padding-top: 100%;\n}\n#banner-1108272936 .bg.bg-loaded {\n  background-image: url(https:\/\/www.hotelduprintemps.fr\/wp-content\/uploads\/2021\/12\/chambre-simple-hotel-du-printemps-paris.jpg);\n}\n<\/style>\n  <\/div>\n\n\n\n  <div class=\"banner has-hover is-full-height\" id=\"banner-401314101\">\n          <div class=\"banner-inner fill\">\n        <div class=\"banner-bg fill\" >\n            <div class=\"bg fill bg-fill \"><\/div>\n                                    \n                    <\/div>\n        <div class=\"banner-layers container\">\n            <div class=\"fill banner-link\"><\/div>            \n\n   <div id=\"text-box-1663789096\" class=\"text-box banner-layer x50 md-x50 lg-x50 y50 md-y50 lg-y50 res-text\">\n                                <div class=\"text-box-content text dark\">\n              \n              <div class=\"text-inner text-center\">\n                  \n\n\n              <\/div>\n           <\/div>\n                            \n<style>\n#text-box-1663789096 {\n  width: 60%;\n}\n#text-box-1663789096 .text-box-content {\n  font-size: 100%;\n}\n<\/style>\n    <\/div>\n \n\n        <\/div>\n      <\/div>\n\n            \n<style>\n#banner-401314101 {\n  padding-top: 100%;\n}\n#banner-401314101 .bg.bg-loaded {\n  background-image: url(https:\/\/www.hotelduprintemps.fr\/wp-content\/uploads\/2022\/02\/SDB-chambre-simple.jpg);\n}\n<\/style>\n  <\/div>\n\n\n\n  <div class=\"banner has-hover is-full-height\" id=\"banner-370490947\">\n          <div class=\"banner-inner fill\">\n        <div class=\"banner-bg fill\" >\n            <div class=\"bg fill bg-fill \"><\/div>\n                                    \n                    <\/div>\n        <div class=\"banner-layers container\">\n            <div class=\"fill banner-link\"><\/div>            \n\n   <div id=\"text-box-796974830\" class=\"text-box banner-layer x50 md-x50 lg-x50 y50 md-y50 lg-y50 res-text\">\n                                <div class=\"text-box-content text dark\">\n              \n              <div class=\"text-inner text-center\">\n                  \n\n\n              <\/div>\n           <\/div>\n                            \n<style>\n#text-box-796974830 {\n  width: 60%;\n}\n#text-box-796974830 .text-box-content {\n  font-size: 100%;\n}\n<\/style>\n    <\/div>\n \n\n        <\/div>\n      <\/div>\n\n            \n<style>\n#banner-370490947 {\n  padding-top: 100%;\n}\n#banner-370490947 .bg.bg-loaded {\n  background-image: url(https:\/\/www.hotelduprintemps.fr\/wp-content\/uploads\/2022\/02\/Salle-de-douche-chambre-18-simple.jpg);\n}\n<\/style>\n  <\/div>\n\n\n\n     <\/div>\n\n     <div class=\"loading-spin dark large centered\"><\/div>\n\n     \t<\/div>\n\n\n\n\t\t<\/div>\n\n\t\t\n<style>\n#section_1564505328 {\n  padding-top: 0px;\n  padding-bottom: 0px;\n}\n<\/style>\n\t<\/section>\n\t\n\t<section class=\"section\" id=\"section_419306708\">\n\t\t<div class=\"bg section-bg fill bg-fill  bg-loaded\" >\n\n\t\t\t\n\t\t\t\n\t\t\t\n\n\t\t<\/div>\n\n\t\t<div class=\"section-content relative\">\n\t\t\t\n\n<div class=\"row\"  id=\"row-1951177948\">\n\n\n\t<div id=\"col-1177126379\" class=\"col small-12 large-12\"  >\n\t\t\t\t<div class=\"col-inner\"  >\n\t\t\t\n\t\t\t\n\n<h1 class=\"uppercase\" style=\"text-align: center;\">Single rooms<\/h1>\n<h2 class=\"thin-font\" style=\"text-align: center; font-size:20px\">Rooms from 10.50m\u00b2 to 13m\u00b2<\/h2>\n\n\t\t<\/div>\n\t\t\t\t\t<\/div>\n\n\t\n\n<\/div>\n<div class=\"row\"  id=\"row-1958530268\">\n\n\n\t<div id=\"col-463508397\" class=\"col small-12 large-12\"  data-animate=\"fadeInRight\">\n\t\t\t\t<div class=\"col-inner\"  >\n\t\t\t\n\t\t\t\n\n<p style=\"text-align: center;\">\nRooms for 1 person with shower.<\/p>\n<a rel=\"noopener noreferrer\" href=\"https:\/\/www.secure-hotel-booking.com\/smart\/Hotel-du-Printemps\/JI69\/en\/\" target=\"_blank\" class=\"button secondary expand hide-for-medium\"  >\n    <span>Book your room<\/span>\n  <\/a>\n\n\n<a rel=\"noopener noreferrer\" href=\"https:\/\/www.secure-hotel-booking.com\/touch\/Hotel-du-Printemps\/JI69\/en\/\" target=\"_blank\" class=\"button secondary expand show-for-medium\"  >\n    <span>Book your room<\/span>\n  <\/a>\n\n\n\n\t\t<\/div>\n\t\t\t\t\t<\/div>\n\n\t\n\n<\/div>\n<div class=\"row row-collapse align-center\"  id=\"row-1181527534\">\n\n\n\t<div id=\"col-528611320\" class=\"col medium-5 small-12 large-5\"  >\n\t\t\t\t<div class=\"col-inner\"  >\n\t\t\t\n\t\t\t\n\n<ul style=\"list-style:none;\">\n<li><i class=\"fa fa-check\" style=\"color:#b89f80\"><\/i> Free WIFI<\/li>\n<li><i class=\"fa fa-check\" style=\"color:#b89f80\"><\/i> Individual air conditioning<\/li>\n<li><i class=\"fa fa-check\" style=\"color:#b89f80\"><\/i> Soundproofing double glazing<\/li>\n<\/ul>\n\n\t\t<\/div>\n\t\t\t\t\t<\/div>\n\n\t\n\n\t<div id=\"col-2102878487\" class=\"col medium-5 small-12 large-5\"  >\n\t\t\t\t<div class=\"col-inner\"  >\n\t\t\t\n\t\t\t\n\n<ul style=\"list-style:none;\">\n<li><i class=\"fa fa-check\" style=\"color:#b89f80\"><\/i>Flat screen TV<\/li>\n<li><i class=\"fa fa-check\" style=\"color:#b89f80\"><\/i> Hair dryer<\/li>\n<li><i class=\"fa fa-check\" style=\"color:#b89f80\"><\/i> Yves Rocher welcome products<\/li>\n<\/ul>\n\n\t\t<\/div>\n\t\t\t\t\t<\/div>\n\n\t\n\n<\/div>\n\n\t\t<\/div>\n\n\t\t\n<style>\n#section_419306708 {\n  padding-top: 30px;\n  padding-bottom: 30px;\n}\n<\/style>\n\t<\/section>\n\t\n\n","protected":false},"excerpt":{"rendered":"","protected":false},"author":1,"featured_media":0,"parent":0,"menu_order":0,"comment_status":"closed","ping_status":"closed","template":"page-transparent-header.php","meta":{"footnotes":""},"class_list":["post-335","page","type-page","status-publish","hentry"],"yoast_head":"<!-- This site is optimized with the Yoast SEO plugin v19.9 - https:\/\/yoast.com\/wordpress\/plugins\/seo\/ -->\n<title>SINGLE ROOMS - Hotel Printemps Paris<\/title>\n<meta name=\"description\" content=\"The single rooms of the Hotel du Printemps Paris *** - Opera Saint Lazare\" \/>\n<meta name=\"robots\" content=\"index, follow, max-snippet:-1, max-image-preview:large, max-video-preview:-1\" \/>\n<link rel=\"canonical\" href=\"https:\/\/www.hotelduprintemps.fr\/en\/single-rooms\/\" \/>\n<meta property=\"og:locale\" content=\"en_US\" \/>\n<meta property=\"og:type\" content=\"article\" \/>\n<meta property=\"og:title\" content=\"SINGLE ROOMS - Hotel Printemps Paris\" \/>\n<meta property=\"og:description\" content=\"The single rooms of the Hotel du Printemps Paris *** - Opera Saint Lazare\" \/>\n<meta property=\"og:url\" content=\"https:\/\/www.hotelduprintemps.fr\/en\/single-rooms\/\" \/>\n<meta property=\"og:site_name\" content=\"H\u00f4tel du Printemps\" \/>\n<meta property=\"article:modified_time\" content=\"2022-03-17T09:27:17+00:00\" \/>\n<meta name=\"twitter:card\" content=\"summary_large_image\" \/>\n<meta name=\"twitter:label1\" content=\"Est. reading time\" \/>\n\t<meta name=\"twitter:data1\" content=\"1 minute\" \/>\n<script type=\"application\/ld+json\" class=\"yoast-schema-graph\">{\"@context\":\"https:\/\/schema.org\",\"@graph\":[{\"@type\":\"WebPage\",\"@id\":\"https:\/\/www.hotelduprintemps.fr\/en\/single-rooms\/\",\"url\":\"https:\/\/www.hotelduprintemps.fr\/en\/single-rooms\/\",\"name\":\"SINGLE ROOMS - Hotel Printemps Paris\",\"isPartOf\":{\"@id\":\"https:\/\/www.hotelduprintemps.fr\/#website\"},\"datePublished\":\"2022-02-03T13:17:37+00:00\",\"dateModified\":\"2022-03-17T09:27:17+00:00\",\"description\":\"The single rooms of the Hotel du Printemps Paris *** - Opera Saint Lazare\",\"breadcrumb\":{\"@id\":\"https:\/\/www.hotelduprintemps.fr\/en\/single-rooms\/#breadcrumb\"},\"inLanguage\":\"en-US\",\"potentialAction\":[{\"@type\":\"ReadAction\",\"target\":[\"https:\/\/www.hotelduprintemps.fr\/en\/single-rooms\/\"]}]},{\"@type\":\"BreadcrumbList\",\"@id\":\"https:\/\/www.hotelduprintemps.fr\/en\/single-rooms\/#breadcrumb\",\"itemListElement\":[{\"@type\":\"ListItem\",\"position\":1,\"name\":\"Accueil\",\"item\":\"https:\/\/www.hotelduprintemps.fr\/en\/\"},{\"@type\":\"ListItem\",\"position\":2,\"name\":\"chambre simple\"}]},{\"@type\":\"WebSite\",\"@id\":\"https:\/\/www.hotelduprintemps.fr\/#website\",\"url\":\"https:\/\/www.hotelduprintemps.fr\/\",\"name\":\"H\u00f4tel du Printemps\",\"description\":\"H\u00f4tel 3 \u00e9toiles de charme au coeur de Paris\",\"potentialAction\":[{\"@type\":\"SearchAction\",\"target\":{\"@type\":\"EntryPoint\",\"urlTemplate\":\"https:\/\/www.hotelduprintemps.fr\/?s={search_term_string}\"},\"query-input\":\"required name=search_term_string\"}],\"inLanguage\":\"en-US\"}]}<\/script>\n<!-- \/ Yoast SEO plugin. -->","yoast_head_json":{"title":"SINGLE ROOMS - Hotel Printemps Paris","description":"The single rooms of the Hotel du Printemps Paris *** - Opera Saint Lazare","robots":{"index":"index","follow":"follow","max-snippet":"max-snippet:-1","max-image-preview":"max-image-preview:large","max-video-preview":"max-video-preview:-1"},"canonical":"https:\/\/www.hotelduprintemps.fr\/en\/single-rooms\/","og_locale":"en_US","og_type":"article","og_title":"SINGLE ROOMS - Hotel Printemps Paris","og_description":"The single rooms of the Hotel du Printemps Paris *** - Opera Saint Lazare","og_url":"https:\/\/www.hotelduprintemps.fr\/en\/single-rooms\/","og_site_name":"H\u00f4tel du Printemps","article_modified_time":"2022-03-17T09:27:17+00:00","twitter_card":"summary_large_image","twitter_misc":{"Est. reading time":"1 minute"},"schema":{"@context":"https:\/\/schema.org","@graph":[{"@type":"WebPage","@id":"https:\/\/www.hotelduprintemps.fr\/en\/single-rooms\/","url":"https:\/\/www.hotelduprintemps.fr\/en\/single-rooms\/","name":"SINGLE ROOMS - Hotel Printemps Paris","isPartOf":{"@id":"https:\/\/www.hotelduprintemps.fr\/#website"},"datePublished":"2022-02-03T13:17:37+00:00","dateModified":"2022-03-17T09:27:17+00:00","description":"The single rooms of the Hotel du Printemps Paris *** - Opera Saint Lazare","breadcrumb":{"@id":"https:\/\/www.hotelduprintemps.fr\/en\/single-rooms\/#breadcrumb"},"inLanguage":"en-US","potentialAction":[{"@type":"ReadAction","target":["https:\/\/www.hotelduprintemps.fr\/en\/single-rooms\/"]}]},{"@type":"BreadcrumbList","@id":"https:\/\/www.hotelduprintemps.fr\/en\/single-rooms\/#breadcrumb","itemListElement":[{"@type":"ListItem","position":1,"name":"Accueil","item":"https:\/\/www.hotelduprintemps.fr\/en\/"},{"@type":"ListItem","position":2,"name":"chambre simple"}]},{"@type":"WebSite","@id":"https:\/\/www.hotelduprintemps.fr\/#website","url":"https:\/\/www.hotelduprintemps.fr\/","name":"H\u00f4tel du Printemps","description":"H\u00f4tel 3 \u00e9toiles de charme au coeur de Paris","potentialAction":[{"@type":"SearchAction","target":{"@type":"EntryPoint","urlTemplate":"https:\/\/www.hotelduprintemps.fr\/?s={search_term_string}"},"query-input":"required name=search_term_string"}],"inLanguage":"en-US"}]}},"_links":{"self":[{"href":"https:\/\/www.hotelduprintemps.fr\/en\/wp-json\/wp\/v2\/pages\/335","targetHints":{"allow":["GET"]}}],"collection":[{"href":"https:\/\/www.hotelduprintemps.fr\/en\/wp-json\/wp\/v2\/pages"}],"about":[{"href":"https:\/\/www.hotelduprintemps.fr\/en\/wp-json\/wp\/v2\/types\/page"}],"author":[{"embeddable":true,"href":"https:\/\/www.hotelduprintemps.fr\/en\/wp-json\/wp\/v2\/users\/1"}],"replies":[{"embeddable":true,"href":"https:\/\/www.hotelduprintemps.fr\/en\/wp-json\/wp\/v2\/comments?post=335"}],"version-history":[{"count":5,"href":"https:\/\/www.hotelduprintemps.fr\/en\/wp-json\/wp\/v2\/pages\/335\/revisions"}],"predecessor-version":[{"id":453,"href":"https:\/\/www.hotelduprintemps.fr\/en\/wp-json\/wp\/v2\/pages\/335\/revisions\/453"}],"wp:attachment":[{"href":"https:\/\/www.hotelduprintemps.fr\/en\/wp-json\/wp\/v2\/media?parent=335"}],"curies":[{"name":"wp","href":"https:\/\/api.w.org\/{rel}","templated":true}]}}